{"id":1149,"date":"2025-04-11T15:51:38","date_gmt":"2025-04-11T13:51:38","guid":{"rendered":"https:\/\/evenementiel-tours.fr\/entreprises\/?page_id=1149"},"modified":"2025-04-11T15:51:39","modified_gmt":"2025-04-11T13:51:39","slug":"evenements-realises-par-lagence-sp-event","status":"publish","type":"page","link":"https:\/\/evenementiel-tours.fr\/entreprises\/evenements-realises-par-lagence-sp-event\/","title":{"rendered":"\u00c9v\u00e9nements r\u00e9alis\u00e9s par l&rsquo;agence SP Event"},"content":{"rendered":"\n<div style=\"height:42px\" aria-hidden=\"true\" class=\"wp-block-spacer\"><\/div>\n\n\n\n<figure class=\"wp-block-gallery has-nested-images columns-default is-cropped\">\n<figure class=\"wp-block-image size-large\"><img loading=\"lazy\" width=\"2560\" height=\"1707\" data-id=\"1199\"  src=\"https:\/\/evenementiel-tours.fr\/entreprises\/wp-content\/uploads\/sites\/3\/2025\/04\/TNP-Evt_Sou-0015-scaled.jpg\" alt=\"\" class=\"wp-image-1199\" srcset=\"https:\/\/evenementiel-tours.fr\/entreprises\/wp-content\/uploads\/sites\/3\/2025\/04\/TNP-Evt_Sou-0015-scaled.jpg 2560w, https:\/\/evenementiel-tours.fr\/entreprises\/wp-content\/uploads\/sites\/3\/2025\/04\/TNP-Evt_Sou-0015-300x200.jpg 300w, https:\/\/evenementiel-tours.fr\/entreprises\/wp-content\/uploads\/sites\/3\/2025\/04\/TNP-Evt_Sou-0015-1024x683.jpg 1024w, https:\/\/evenementiel-tours.fr\/entreprises\/wp-content\/uploads\/sites\/3\/2025\/04\/TNP-Evt_Sou-0015-768x512.jpg 768w, https:\/\/evenementiel-tours.fr\/entreprises\/wp-content\/uploads\/sites\/3\/2025\/04\/TNP-Evt_Sou-0015-1536x1024.jpg 1536w, https:\/\/evenementiel-tours.fr\/entreprises\/wp-content\/uploads\/sites\/3\/2025\/04\/TNP-Evt_Sou-0015-2048x1366.jpg 2048w, https:\/\/evenementiel-tours.fr\/entreprises\/wp-content\/uploads\/sites\/3\/2025\/04\/TNP-Evt_Sou-0015-1600x1067.jpg 1600w\" sizes=\"(max-width: 2560px) 100vw, 2560px\" \/><\/figure>\n\n\n\n<figure class=\"wp-block-image size-large\"><img loading=\"lazy\" width=\"2560\" height=\"1707\" data-id=\"1198\"  src=\"https:\/\/evenementiel-tours.fr\/entreprises\/wp-content\/uploads\/sites\/3\/2025\/04\/TNP-Evt_Sou-0034-scaled.jpg\" alt=\"\" class=\"wp-image-1198\" srcset=\"https:\/\/evenementiel-tours.fr\/entreprises\/wp-content\/uploads\/sites\/3\/2025\/04\/TNP-Evt_Sou-0034-scaled.jpg 2560w, https:\/\/evenementiel-tours.fr\/entreprises\/wp-content\/uploads\/sites\/3\/2025\/04\/TNP-Evt_Sou-0034-300x200.jpg 300w, https:\/\/evenementiel-tours.fr\/entreprises\/wp-content\/uploads\/sites\/3\/2025\/04\/TNP-Evt_Sou-0034-1024x683.jpg 1024w, https:\/\/evenementiel-tours.fr\/entreprises\/wp-content\/uploads\/sites\/3\/2025\/04\/TNP-Evt_Sou-0034-768x512.jpg 768w, https:\/\/evenementiel-tours.fr\/entreprises\/wp-content\/uploads\/sites\/3\/2025\/04\/TNP-Evt_Sou-0034-1536x1024.jpg 1536w, https:\/\/evenementiel-tours.fr\/entreprises\/wp-content\/uploads\/sites\/3\/2025\/04\/TNP-Evt_Sou-0034-2048x1366.jpg 2048w, https:\/\/evenementiel-tours.fr\/entreprises\/wp-content\/uploads\/sites\/3\/2025\/04\/TNP-Evt_Sou-0034-1600x1067.jpg 1600w\" sizes=\"(max-width: 2560px) 100vw, 2560px\" \/><\/figure>\n\n\n\n<figure class=\"wp-block-image size-large\"><img loading=\"lazy\" width=\"2560\" height=\"1707\" data-id=\"1201\"  src=\"https:\/\/evenementiel-tours.fr\/entreprises\/wp-content\/uploads\/sites\/3\/2025\/04\/TNP-Evt_Sou-0036-scaled.jpg\" alt=\"\" class=\"wp-image-1201\" srcset=\"https:\/\/evenementiel-tours.fr\/entreprises\/wp-content\/uploads\/sites\/3\/2025\/04\/TNP-Evt_Sou-0036-scaled.jpg 2560w, https:\/\/evenementiel-tours.fr\/entreprises\/wp-content\/uploads\/sites\/3\/2025\/04\/TNP-Evt_Sou-0036-300x200.jpg 300w, https:\/\/evenementiel-tours.fr\/entreprises\/wp-content\/uploads\/sites\/3\/2025\/04\/TNP-Evt_Sou-0036-1024x683.jpg 1024w, https:\/\/evenementiel-tours.fr\/entreprises\/wp-content\/uploads\/sites\/3\/2025\/04\/TNP-Evt_Sou-0036-768x512.jpg 768w, https:\/\/evenementiel-tours.fr\/entreprises\/wp-content\/uploads\/sites\/3\/2025\/04\/TNP-Evt_Sou-0036-1536x1024.jpg 1536w, https:\/\/evenementiel-tours.fr\/entreprises\/wp-content\/uploads\/sites\/3\/2025\/04\/TNP-Evt_Sou-0036-2048x1366.jpg 2048w, https:\/\/evenementiel-tours.fr\/entreprises\/wp-content\/uploads\/sites\/3\/2025\/04\/TNP-Evt_Sou-0036-1600x1067.jpg 1600w\" sizes=\"(max-width: 2560px) 100vw, 2560px\" \/><\/figure>\n\n\n\n<figure class=\"wp-block-image size-large\"><img loading=\"lazy\" width=\"2560\" height=\"1707\" data-id=\"1207\"  src=\"https:\/\/evenementiel-tours.fr\/entreprises\/wp-content\/uploads\/sites\/3\/2025\/04\/TNP-Evt_Sou-0179-scaled.jpg\" alt=\"\" class=\"wp-image-1207\" srcset=\"https:\/\/evenementiel-tours.fr\/entreprises\/wp-content\/uploads\/sites\/3\/2025\/04\/TNP-Evt_Sou-0179-scaled.jpg 2560w, https:\/\/evenementiel-tours.fr\/entreprises\/wp-content\/uploads\/sites\/3\/2025\/04\/TNP-Evt_Sou-0179-300x200.jpg 300w, https:\/\/evenementiel-tours.fr\/entreprises\/wp-content\/uploads\/sites\/3\/2025\/04\/TNP-Evt_Sou-0179-1024x683.jpg 1024w, https:\/\/evenementiel-tours.fr\/entreprises\/wp-content\/uploads\/sites\/3\/2025\/04\/TNP-Evt_Sou-0179-768x512.jpg 768w, https:\/\/evenementiel-tours.fr\/entreprises\/wp-content\/uploads\/sites\/3\/2025\/04\/TNP-Evt_Sou-0179-1536x1024.jpg 1536w, https:\/\/evenementiel-tours.fr\/entreprises\/wp-content\/uploads\/sites\/3\/2025\/04\/TNP-Evt_Sou-0179-2048x1366.jpg 2048w, https:\/\/evenementiel-tours.fr\/entreprises\/wp-content\/uploads\/sites\/3\/2025\/04\/TNP-Evt_Sou-0179-1600x1067.jpg 1600w\" sizes=\"(max-width: 2560px) 100vw, 2560px\" \/><\/figure>\n\n\n\n<figure class=\"wp-block-image size-large\"><img loading=\"lazy\" width=\"2560\" height=\"1707\" data-id=\"1203\"  src=\"https:\/\/evenementiel-tours.fr\/entreprises\/wp-content\/uploads\/sites\/3\/2025\/04\/TNP-Evt_Sou-0060-scaled.jpg\" alt=\"\" class=\"wp-image-1203\" srcset=\"https:\/\/evenementiel-tours.fr\/entreprises\/wp-content\/uploads\/sites\/3\/2025\/04\/TNP-Evt_Sou-0060-scaled.jpg 2560w, https:\/\/evenementiel-tours.fr\/entreprises\/wp-content\/uploads\/sites\/3\/2025\/04\/TNP-Evt_Sou-0060-300x200.jpg 300w, https:\/\/evenementiel-tours.fr\/entreprises\/wp-content\/uploads\/sites\/3\/2025\/04\/TNP-Evt_Sou-0060-1024x683.jpg 1024w, https:\/\/evenementiel-tours.fr\/entreprises\/wp-content\/uploads\/sites\/3\/2025\/04\/TNP-Evt_Sou-0060-768x512.jpg 768w, https:\/\/evenementiel-tours.fr\/entreprises\/wp-content\/uploads\/sites\/3\/2025\/04\/TNP-Evt_Sou-0060-1536x1024.jpg 1536w, https:\/\/evenementiel-tours.fr\/entreprises\/wp-content\/uploads\/sites\/3\/2025\/04\/TNP-Evt_Sou-0060-2048x1366.jpg 2048w, https:\/\/evenementiel-tours.fr\/entreprises\/wp-content\/uploads\/sites\/3\/2025\/04\/TNP-Evt_Sou-0060-1600x1067.jpg 1600w\" sizes=\"(max-width: 2560px) 100vw, 2560px\" \/><\/figure>\n\n\n\n<figure class=\"wp-block-image size-large\"><img loading=\"lazy\" width=\"2560\" height=\"1707\" data-id=\"1209\"  src=\"https:\/\/evenementiel-tours.fr\/entreprises\/wp-content\/uploads\/sites\/3\/2025\/04\/TNP-Evt_Sou-0227-scaled.jpg\" alt=\"\" class=\"wp-image-1209\" srcset=\"https:\/\/evenementiel-tours.fr\/entreprises\/wp-content\/uploads\/sites\/3\/2025\/04\/TNP-Evt_Sou-0227-scaled.jpg 2560w, https:\/\/evenementiel-tours.fr\/entreprises\/wp-content\/uploads\/sites\/3\/2025\/04\/TNP-Evt_Sou-0227-300x200.jpg 300w, https:\/\/evenementiel-tours.fr\/entreprises\/wp-content\/uploads\/sites\/3\/2025\/04\/TNP-Evt_Sou-0227-1024x683.jpg 1024w, https:\/\/evenementiel-tours.fr\/entreprises\/wp-content\/uploads\/sites\/3\/2025\/04\/TNP-Evt_Sou-0227-768x512.jpg 768w, https:\/\/evenementiel-tours.fr\/entreprises\/wp-content\/uploads\/sites\/3\/2025\/04\/TNP-Evt_Sou-0227-1536x1024.jpg 1536w, https:\/\/evenementiel-tours.fr\/entreprises\/wp-content\/uploads\/sites\/3\/2025\/04\/TNP-Evt_Sou-0227-2048x1365.jpg 2048w, https:\/\/evenementiel-tours.fr\/entreprises\/wp-content\/uploads\/sites\/3\/2025\/04\/TNP-Evt_Sou-0227-1600x1067.jpg 1600w\" sizes=\"(max-width: 2560px) 100vw, 2560px\" \/><\/figure>\n<\/figure>\n\n\n\n<figure class=\"wp-block-gallery has-nested-images columns-default is-cropped\">\n<figure class=\"wp-block-image size-large\"><img loading=\"lazy\" width=\"2500\" height=\"1667\" data-id=\"1212\"  src=\"https:\/\/evenementiel-tours.fr\/entreprises\/wp-content\/uploads\/sites\/3\/2025\/04\/se\u0301minaire.jpg\" alt=\"\" class=\"wp-image-1212\" srcset=\"https:\/\/evenementiel-tours.fr\/entreprises\/wp-content\/uploads\/sites\/3\/2025\/04\/se\u0301minaire.jpg 2500w, https:\/\/evenementiel-tours.fr\/entreprises\/wp-content\/uploads\/sites\/3\/2025\/04\/se\u0301minaire-300x200.jpg 300w, https:\/\/evenementiel-tours.fr\/entreprises\/wp-content\/uploads\/sites\/3\/2025\/04\/se\u0301minaire-1024x683.jpg 1024w, https:\/\/evenementiel-tours.fr\/entreprises\/wp-content\/uploads\/sites\/3\/2025\/04\/se\u0301minaire-768x512.jpg 768w, https:\/\/evenementiel-tours.fr\/entreprises\/wp-content\/uploads\/sites\/3\/2025\/04\/se\u0301minaire-1536x1024.jpg 1536w, https:\/\/evenementiel-tours.fr\/entreprises\/wp-content\/uploads\/sites\/3\/2025\/04\/se\u0301minaire-2048x1366.jpg 2048w, https:\/\/evenementiel-tours.fr\/entreprises\/wp-content\/uploads\/sites\/3\/2025\/04\/se\u0301minaire-1600x1067.jpg 1600w\" sizes=\"(max-width: 2500px) 100vw, 2500px\" \/><\/figure>\n\n\n\n<figure class=\"wp-block-image size-large\"><img loading=\"lazy\" width=\"2500\" height=\"1667\" data-id=\"1213\"  src=\"https:\/\/evenementiel-tours.fr\/entreprises\/wp-content\/uploads\/sites\/3\/2025\/04\/DSC06437.jpg\" alt=\"\" class=\"wp-image-1213\" srcset=\"https:\/\/evenementiel-tours.fr\/entreprises\/wp-content\/uploads\/sites\/3\/2025\/04\/DSC06437.jpg 2500w, https:\/\/evenementiel-tours.fr\/entreprises\/wp-content\/uploads\/sites\/3\/2025\/04\/DSC06437-300x200.jpg 300w, https:\/\/evenementiel-tours.fr\/entreprises\/wp-content\/uploads\/sites\/3\/2025\/04\/DSC06437-1024x683.jpg 1024w, https:\/\/evenementiel-tours.fr\/entreprises\/wp-content\/uploads\/sites\/3\/2025\/04\/DSC06437-768x512.jpg 768w, https:\/\/evenementiel-tours.fr\/entreprises\/wp-content\/uploads\/sites\/3\/2025\/04\/DSC06437-1536x1024.jpg 1536w, https:\/\/evenementiel-tours.fr\/entreprises\/wp-content\/uploads\/sites\/3\/2025\/04\/DSC06437-2048x1366.jpg 2048w, https:\/\/evenementiel-tours.fr\/entreprises\/wp-content\/uploads\/sites\/3\/2025\/04\/DSC06437-1600x1067.jpg 1600w\" sizes=\"(max-width: 2500px) 100vw, 2500px\" \/><\/figure>\n\n\n\n<figure class=\"wp-block-image size-large\"><img loading=\"lazy\" width=\"2500\" height=\"1667\" data-id=\"1214\"  src=\"https:\/\/evenementiel-tours.fr\/entreprises\/wp-content\/uploads\/sites\/3\/2025\/04\/DSC06434.jpg\" alt=\"\" class=\"wp-image-1214\" srcset=\"https:\/\/evenementiel-tours.fr\/entreprises\/wp-content\/uploads\/sites\/3\/2025\/04\/DSC06434.jpg 2500w, https:\/\/evenementiel-tours.fr\/entreprises\/wp-content\/uploads\/sites\/3\/2025\/04\/DSC06434-300x200.jpg 300w, https:\/\/evenementiel-tours.fr\/entreprises\/wp-content\/uploads\/sites\/3\/2025\/04\/DSC06434-1024x683.jpg 1024w, https:\/\/evenementiel-tours.fr\/entreprises\/wp-content\/uploads\/sites\/3\/2025\/04\/DSC06434-768x512.jpg 768w, https:\/\/evenementiel-tours.fr\/entreprises\/wp-content\/uploads\/sites\/3\/2025\/04\/DSC06434-1536x1024.jpg 1536w, https:\/\/evenementiel-tours.fr\/entreprises\/wp-content\/uploads\/sites\/3\/2025\/04\/DSC06434-2048x1366.jpg 2048w, https:\/\/evenementiel-tours.fr\/entreprises\/wp-content\/uploads\/sites\/3\/2025\/04\/DSC06434-1600x1067.jpg 1600w\" sizes=\"(max-width: 2500px) 100vw, 2500px\" \/><\/figure>\n<\/figure>\n\n\n\n<hr class=\"wp-block-separator has-text-color has-background has-ast-global-color-1-background-color has-ast-global-color-1-color is-style-default\" \/>\n\n\n\n<section class=\"wp-block-uagb-columns uagb-columns__wrap uagb-columns__background-undefined uagb-columns__stack-mobile uagb-columns__valign-undefined uagb-columns__gap-10 alignundefined uagb-block-0112bcfc\"><div class=\"uagb-columns__overlay\"><\/div><div class=\"uagb-columns__inner-wrap uagb-columns__columns-1\">\n<div class=\"wp-block-uagb-column uagb-column__wrap uagb-column__background-undefined uagb-block-36790695\"><div class=\"uagb-column__overlay\"><\/div><div class=\"uagb-column__inner-wrap\">\n<div role=\"form\" class=\"wpcf7\" id=\"wpcf7-f226-o1\" lang=\"fr-FR\" dir=\"ltr\">\n<div class=\"screen-reader-response\"><p role=\"status\" aria-live=\"polite\" aria-atomic=\"true\"><\/p> <ul><\/ul><\/div>\n<form action=\"\/entreprises\/wp-json\/wp\/v2\/pages\/1149#wpcf7-f226-o1\" method=\"post\" class=\"wpcf7-form init\" novalidate=\"novalidate\" data-status=\"init\">\n<div style=\"display: none;\">\n<input type=\"hidden\" name=\"_wpcf7\" value=\"226\" \/>\n<input type=\"hidden\" name=\"_wpcf7_version\" value=\"5.5.4\" \/>\n<input type=\"hidden\" name=\"_wpcf7_locale\" value=\"fr_FR\" \/>\n<input type=\"hidden\" name=\"_wpcf7_unit_tag\" value=\"wpcf7-f226-o1\" \/>\n<input type=\"hidden\" name=\"_wpcf7_container_post\" value=\"0\" \/>\n<input type=\"hidden\" name=\"_wpcf7_posted_data_hash\" value=\"\" \/>\n<\/div>\n<p class=\"form-intro\">Parlons de votre \u00e9v\u00e9nement<\/p>\n<ul class=\"form-line\">\n<li class=\"form-demie-colonne col1\">\n<div class=\"form-line-demie-label\"><label>Votre nom * :<\/label><\/div>\n<div class=\"form-line-demie-input\"><span class=\"wpcf7-form-control-wrap your-nom\"><input type=\"text\" name=\"your-nom\" value=\"\" size=\"40\" class=\"wpcf7-form-control wpcf7-text wpcf7-validates-as-required\" aria-required=\"true\" aria-invalid=\"false\" \/><\/span><\/div>\n<\/li>\n<li class=\"form-demie-colonne col2\">\n<div class=\"form-line-demie-label\"><label>Votre pr\u00e9nom * :<\/label><\/div>\n<div class=\"form-line-demie-input\"><span class=\"wpcf7-form-control-wrap your-prenom\"><input type=\"text\" name=\"your-prenom\" value=\"\" size=\"40\" class=\"wpcf7-form-control wpcf7-text wpcf7-validates-as-required\" aria-required=\"true\" aria-invalid=\"false\" \/><\/span><\/div>\n<\/li>\n<\/ul>\n<ul class=\"form-line\">\n<li class=\"form-pleine-colonne\">\n<div class=\"form-line-pleine-label\"><label>Votre poste dans l'entreprise * :<\/label><\/div>\n<div class=\"form-line-pleine-input\"><span class=\"wpcf7-form-control-wrap your-poste\"><input type=\"email\" name=\"your-poste\" value=\"\" size=\"40\" class=\"wpcf7-form-control wpcf7-text wpcf7-email wpcf7-validates-as-required wpcf7-validates-as-email\" aria-required=\"true\" aria-invalid=\"false\" \/><\/span><\/div>\n<\/li>\n<\/ul>\n<ul class=\"form-line\">\n<li class=\"form-pleine-colonne\">\n<div class=\"form-line-pleine-label\"><label>Nom de l'entreprise * :<\/label><\/div>\n<div class=\"form-line-pleine-input\"><span class=\"wpcf7-form-control-wrap your-entreprise\"><input type=\"email\" name=\"your-entreprise\" value=\"\" size=\"40\" class=\"wpcf7-form-control wpcf7-text wpcf7-email wpcf7-validates-as-required wpcf7-validates-as-email\" aria-required=\"true\" aria-invalid=\"false\" \/><\/span><\/div>\n<\/li>\n<\/ul>\n<ul class=\"form-line\">\n<li class=\"form-pleine-colonne\">\n<div class=\"form-line-pleine-label\"><label>Votre adresse mail * :<\/label><\/div>\n<div class=\"form-line-pleine-input\"><span class=\"wpcf7-form-control-wrap your-email\"><input type=\"email\" name=\"your-email\" value=\"\" size=\"40\" class=\"wpcf7-form-control wpcf7-text wpcf7-email wpcf7-validates-as-required wpcf7-validates-as-email\" aria-required=\"true\" aria-invalid=\"false\" \/><\/span><\/div>\n<\/li>\n<\/ul>\n<ul class=\"form-line\">\n<li class=\"form-demie-colonne col1\">\n<div class=\"form-line-demie-label\"><label>Date de l'\u00e9v\u00e9nement :<\/label><\/div>\n<div class=\"form-line-demie-input\"><span class=\"wpcf7-form-control-wrap date-879\"><input type=\"date\" name=\"date-879\" value=\"\" class=\"wpcf7-form-control wpcf7-date wpcf7-validates-as-date\" id=\"date-contact\" aria-invalid=\"false\" \/><\/span><!--<span class=\"wpcf7-form-control-wrap date-mariage\"><input type=\"text\" name=\"date-mariage\" value=\"\" size=\"40\" class=\"wpcf7-form-control wpcf7-text\" aria-invalid=\"false\" \/><\/span>--><\/div>\n<\/li>\n<li class=\"form-demie-colonne col2\">\n<div class=\"form-line-demie-label\"><label>Nombre d'invit\u00e9s :<\/label><\/div>\n<div class=\"form-line-demie-input\"><span class=\"wpcf7-form-control-wrap nombre-invites\"><input type=\"text\" name=\"nombre-invites\" value=\"\" size=\"40\" class=\"wpcf7-form-control wpcf7-text\" aria-invalid=\"false\" \/><\/span><\/div>\n<\/li>\n<\/ul>\n<div class=\"form-textarea-label\"><label>Parlez-moi de votre projet :<\/label><\/div>\n<p>    <span class=\"wpcf7-form-control-wrap your-message\"><textarea name=\"your-message\" cols=\"40\" rows=\"10\" class=\"wpcf7-form-control wpcf7-textarea form-textarea\" aria-invalid=\"false\"><\/textarea><\/span> <\/p>\n<p><input type=\"submit\" value=\"Envoyer\" class=\"wpcf7-form-control has-spinner wpcf7-submit bouton\" \/><\/p>\n<p style=\"display: none !important;\"><label>&#916;<textarea name=\"_wpcf7_ak_hp_textarea\" cols=\"45\" rows=\"8\" maxlength=\"100\"><\/textarea><\/label><input type=\"hidden\" id=\"ak_js_1\" name=\"_wpcf7_ak_js\" value=\"66\"\/><script>document.getElementById( \"ak_js_1\" ).setAttribute( \"value\", ( new Date() ).getTime() );<\/script><\/p><div class=\"wpcf7-response-output\" aria-hidden=\"true\"><\/div><\/form><\/div>\n<\/div><\/div>\n<\/div><\/section>\n\n\n\n<p><\/p>\n","protected":false},"excerpt":{"rendered":"","protected":false},"author":8,"featured_media":0,"parent":0,"menu_order":0,"comment_status":"closed","ping_status":"closed","template":"","meta":{"site-sidebar-layout":"default","site-content-layout":"default","ast-main-header-display":"","ast-hfb-above-header-display":"","ast-hfb-below-header-display":"","ast-hfb-mobile-header-display":"","site-post-title":"","ast-breadcrumbs-content":"","ast-featured-img":"","footer-sml-layout":"","theme-transparent-header-meta":"","adv-header-id-meta":"","stick-header-meta":"","header-above-stick-meta":"","header-main-stick-meta":"","header-below-stick-meta":""},"yoast_head":"<!-- This site is optimized with the Yoast SEO plugin v18.0 - https:\/\/yoast.com\/wordpress\/plugins\/seo\/ -->\n<title>\u00c9v\u00e9nements r\u00e9alis\u00e9s par l&#039;agence SP Event - \u00c9v\u00e9nementiel Entreprises Tours<\/title>\n<meta name=\"description\" content=\"Agence \u00e9v\u00e9nementielle pour les S\u00e9minaires d&#039;entreprises \u00e0 Tours et en R\u00e9gion Centre Val de Loire\" \/>\n<meta name=\"robots\" content=\"index, follow, max-snippet:-1, max-image-preview:large, max-video-preview:-1\" \/>\n<link rel=\"canonical\" href=\"https:\/\/evenementiel-tours.fr\/entreprises\/evenements-realises-par-lagence-sp-event\/\" \/>\n<meta property=\"og:locale\" content=\"fr_FR\" \/>\n<meta property=\"og:type\" content=\"article\" \/>\n<meta property=\"og:title\" content=\"\u00c9v\u00e9nements r\u00e9alis\u00e9s par l&#039;agence SP Event - \u00c9v\u00e9nementiel Entreprises Tours\" \/>\n<meta property=\"og:description\" content=\"Agence \u00e9v\u00e9nementielle pour les S\u00e9minaires d&#039;entreprises \u00e0 Tours et en R\u00e9gion Centre Val de Loire\" \/>\n<meta property=\"og:url\" content=\"https:\/\/evenementiel-tours.fr\/entreprises\/evenements-realises-par-lagence-sp-event\/\" \/>\n<meta property=\"og:site_name\" content=\"\u00c9v\u00e9nementiel Entreprises Tours\" \/>\n<meta property=\"article:modified_time\" content=\"2025-04-11T13:51:39+00:00\" \/>\n<meta property=\"og:image\" content=\"https:\/\/evenementiel-tours.fr\/entreprises\/wp-content\/uploads\/sites\/3\/2025\/04\/TNP-Evt_Sou-0015-scaled.jpg\" \/>\n<meta name=\"twitter:card\" content=\"summary_large_image\" \/>\n<meta name=\"twitter:label1\" content=\"Dur\u00e9e de lecture estim\u00e9e\" \/>\n\t<meta name=\"twitter:data1\" content=\"2 minutes\" \/>\n<script type=\"application\/ld+json\" class=\"yoast-schema-graph\">{\"@context\":\"https:\/\/schema.org\",\"@graph\":[{\"@type\":\"WebSite\",\"@id\":\"https:\/\/evenementiel-tours.fr\/entreprises\/#website\",\"url\":\"https:\/\/evenementiel-tours.fr\/entreprises\/\",\"name\":\"\u00c9v\u00e9nementiel Entreprises Tours\",\"description\":\"\",\"potentialAction\":[{\"@type\":\"SearchAction\",\"target\":{\"@type\":\"EntryPoint\",\"urlTemplate\":\"https:\/\/evenementiel-tours.fr\/entreprises\/?s={search_term_string}\"},\"query-input\":\"required name=search_term_string\"}],\"inLanguage\":\"fr-FR\"},{\"@type\":\"ImageObject\",\"@id\":\"https:\/\/evenementiel-tours.fr\/entreprises\/evenements-realises-par-lagence-sp-event\/#primaryimage\",\"inLanguage\":\"fr-FR\",\"url\":\"https:\/\/evenementiel-tours.fr\/entreprises\/wp-content\/uploads\/sites\/3\/2025\/04\/TNP-Evt_Sou-0015-scaled.jpg\",\"contentUrl\":\"https:\/\/evenementiel-tours.fr\/entreprises\/wp-content\/uploads\/sites\/3\/2025\/04\/TNP-Evt_Sou-0015-scaled.jpg\",\"width\":2560,\"height\":1707},{\"@type\":\"WebPage\",\"@id\":\"https:\/\/evenementiel-tours.fr\/entreprises\/evenements-realises-par-lagence-sp-event\/#webpage\",\"url\":\"https:\/\/evenementiel-tours.fr\/entreprises\/evenements-realises-par-lagence-sp-event\/\",\"name\":\"\u00c9v\u00e9nements r\u00e9alis\u00e9s par l'agence SP Event - \u00c9v\u00e9nementiel Entreprises Tours\",\"isPartOf\":{\"@id\":\"https:\/\/evenementiel-tours.fr\/entreprises\/#website\"},\"primaryImageOfPage\":{\"@id\":\"https:\/\/evenementiel-tours.fr\/entreprises\/evenements-realises-par-lagence-sp-event\/#primaryimage\"},\"datePublished\":\"2025-04-11T13:51:38+00:00\",\"dateModified\":\"2025-04-11T13:51:39+00:00\",\"description\":\"Agence \u00e9v\u00e9nementielle pour les S\u00e9minaires d'entreprises \u00e0 Tours et en R\u00e9gion Centre Val de Loire\",\"breadcrumb\":{\"@id\":\"https:\/\/evenementiel-tours.fr\/entreprises\/evenements-realises-par-lagence-sp-event\/#breadcrumb\"},\"inLanguage\":\"fr-FR\",\"potentialAction\":[{\"@type\":\"ReadAction\",\"target\":[\"https:\/\/evenementiel-tours.fr\/entreprises\/evenements-realises-par-lagence-sp-event\/\"]}]},{\"@type\":\"BreadcrumbList\",\"@id\":\"https:\/\/evenementiel-tours.fr\/entreprises\/evenements-realises-par-lagence-sp-event\/#breadcrumb\",\"itemListElement\":[{\"@type\":\"ListItem\",\"position\":1,\"name\":\"Accueil\",\"item\":\"https:\/\/evenementiel-tours.fr\/entreprises\/\"},{\"@type\":\"ListItem\",\"position\":2,\"name\":\"\u00c9v\u00e9nements r\u00e9alis\u00e9s par l&rsquo;agence SP Event\"}]}]}<\/script>\n<!-- \/ Yoast SEO plugin. -->","yoast_head_json":{"title":"\u00c9v\u00e9nements r\u00e9alis\u00e9s par l'agence SP Event - \u00c9v\u00e9nementiel Entreprises Tours","description":"Agence \u00e9v\u00e9nementielle pour les S\u00e9minaires d'entreprises \u00e0 Tours et en R\u00e9gion Centre Val de Loire","robots":{"index":"index","follow":"follow","max-snippet":"max-snippet:-1","max-image-preview":"max-image-preview:large","max-video-preview":"max-video-preview:-1"},"canonical":"https:\/\/evenementiel-tours.fr\/entreprises\/evenements-realises-par-lagence-sp-event\/","og_locale":"fr_FR","og_type":"article","og_title":"\u00c9v\u00e9nements r\u00e9alis\u00e9s par l'agence SP Event - \u00c9v\u00e9nementiel Entreprises Tours","og_description":"Agence \u00e9v\u00e9nementielle pour les S\u00e9minaires d'entreprises \u00e0 Tours et en R\u00e9gion Centre Val de Loire","og_url":"https:\/\/evenementiel-tours.fr\/entreprises\/evenements-realises-par-lagence-sp-event\/","og_site_name":"\u00c9v\u00e9nementiel Entreprises Tours","article_modified_time":"2025-04-11T13:51:39+00:00","og_image":[{"url":"https:\/\/evenementiel-tours.fr\/entreprises\/wp-content\/uploads\/sites\/3\/2025\/04\/TNP-Evt_Sou-0015-scaled.jpg"}],"twitter_card":"summary_large_image","twitter_misc":{"Dur\u00e9e de lecture estim\u00e9e":"2 minutes"},"schema":{"@context":"https:\/\/schema.org","@graph":[{"@type":"WebSite","@id":"https:\/\/evenementiel-tours.fr\/entreprises\/#website","url":"https:\/\/evenementiel-tours.fr\/entreprises\/","name":"\u00c9v\u00e9nementiel Entreprises Tours","description":"","potentialAction":[{"@type":"SearchAction","target":{"@type":"EntryPoint","urlTemplate":"https:\/\/evenementiel-tours.fr\/entreprises\/?s={search_term_string}"},"query-input":"required name=search_term_string"}],"inLanguage":"fr-FR"},{"@type":"ImageObject","@id":"https:\/\/evenementiel-tours.fr\/entreprises\/evenements-realises-par-lagence-sp-event\/#primaryimage","inLanguage":"fr-FR","url":"https:\/\/evenementiel-tours.fr\/entreprises\/wp-content\/uploads\/sites\/3\/2025\/04\/TNP-Evt_Sou-0015-scaled.jpg","contentUrl":"https:\/\/evenementiel-tours.fr\/entreprises\/wp-content\/uploads\/sites\/3\/2025\/04\/TNP-Evt_Sou-0015-scaled.jpg","width":2560,"height":1707},{"@type":"WebPage","@id":"https:\/\/evenementiel-tours.fr\/entreprises\/evenements-realises-par-lagence-sp-event\/#webpage","url":"https:\/\/evenementiel-tours.fr\/entreprises\/evenements-realises-par-lagence-sp-event\/","name":"\u00c9v\u00e9nements r\u00e9alis\u00e9s par l'agence SP Event - \u00c9v\u00e9nementiel Entreprises Tours","isPartOf":{"@id":"https:\/\/evenementiel-tours.fr\/entreprises\/#website"},"primaryImageOfPage":{"@id":"https:\/\/evenementiel-tours.fr\/entreprises\/evenements-realises-par-lagence-sp-event\/#primaryimage"},"datePublished":"2025-04-11T13:51:38+00:00","dateModified":"2025-04-11T13:51:39+00:00","description":"Agence \u00e9v\u00e9nementielle pour les S\u00e9minaires d'entreprises \u00e0 Tours et en R\u00e9gion Centre Val de Loire","breadcrumb":{"@id":"https:\/\/evenementiel-tours.fr\/entreprises\/evenements-realises-par-lagence-sp-event\/#breadcrumb"},"inLanguage":"fr-FR","potentialAction":[{"@type":"ReadAction","target":["https:\/\/evenementiel-tours.fr\/entreprises\/evenements-realises-par-lagence-sp-event\/"]}]},{"@type":"BreadcrumbList","@id":"https:\/\/evenementiel-tours.fr\/entreprises\/evenements-realises-par-lagence-sp-event\/#breadcrumb","itemListElement":[{"@type":"ListItem","position":1,"name":"Accueil","item":"https:\/\/evenementiel-tours.fr\/entreprises\/"},{"@type":"ListItem","position":2,"name":"\u00c9v\u00e9nements r\u00e9alis\u00e9s par l&rsquo;agence SP Event"}]}]}},"uagb_featured_image_src":{"full":false,"thumbnail":false,"medium":false,"medium_large":false,"large":false,"1536x1536":false,"2048x2048":false,"xl":false,"xxl":false,"xxxl":false,"xxxxl":false,"xxxxxl":false},"uagb_author_info":{"display_name":"dbenard","author_link":"https:\/\/evenementiel-tours.fr\/entreprises\/author\/dbenard\/"},"uagb_comment_info":0,"uagb_excerpt":null,"_links":{"self":[{"href":"https:\/\/evenementiel-tours.fr\/entreprises\/wp-json\/wp\/v2\/pages\/1149"}],"collection":[{"href":"https:\/\/evenementiel-tours.fr\/entreprises\/wp-json\/wp\/v2\/pages"}],"about":[{"href":"https:\/\/evenementiel-tours.fr\/entreprises\/wp-json\/wp\/v2\/types\/page"}],"author":[{"embeddable":true,"href":"https:\/\/evenementiel-tours.fr\/entreprises\/wp-json\/wp\/v2\/users\/8"}],"replies":[{"embeddable":true,"href":"https:\/\/evenementiel-tours.fr\/entreprises\/wp-json\/wp\/v2\/comments?post=1149"}],"version-history":[{"count":15,"href":"https:\/\/evenementiel-tours.fr\/entreprises\/wp-json\/wp\/v2\/pages\/1149\/revisions"}],"predecessor-version":[{"id":1257,"href":"https:\/\/evenementiel-tours.fr\/entreprises\/wp-json\/wp\/v2\/pages\/1149\/revisions\/1257"}],"wp:attachment":[{"href":"https:\/\/evenementiel-tours.fr\/entreprises\/wp-json\/wp\/v2\/media?parent=1149"}],"curies":[{"name":"wp","href":"https:\/\/api.w.org\/{rel}","templated":true}]}}